{"id":57,"date":"2024-02-08T09:48:33","date_gmt":"2024-02-08T08:48:33","guid":{"rendered":"https:\/\/1320beton.com\/?page_id=57"},"modified":"2024-02-09T12:41:30","modified_gmt":"2024-02-09T11:41:30","slug":"a-propos","status":"publish","type":"page","link":"https:\/\/1320beton.com\/index.php\/a-propos\/","title":{"rendered":"A propos"},"content":{"rendered":"\t\t<div data-elementor-type=\"wp-page\" data-elementor-id=\"57\" class=\"elementor elementor-57\">\n\t\t\t\t<div class=\"elementor-element elementor-element-02b8f31 e-flex e-con-boxed e-con e-parent\" data-id=\"02b8f31\" data-element_type=\"container\" data-settings=\"{&quot;content_width&quot;:&quot;boxed&quot;}\" data-core-v316-plus=\"true\">\n\t\t\t\t\t<div class=\"e-con-inner\">\n\t\t<div class=\"elementor-element elementor-element-34ace58 e-con-full e-flex e-con e-child\" data-id=\"34ace58\" data-element_type=\"container\" data-settings=\"{&quot;content_width&quot;:&quot;full&quot;}\">\n\t\t\t\t<div class=\"elementor-element elementor-element-b47f128 elementor-widget elementor-widget-heading\" data-id=\"b47f128\" data-element_type=\"widget\" data-widget_type=\"heading.default\">\n\t\t\t\t<div class=\"elementor-widget-container\">\n\t\t\t<style>\/*! elementor - v3.19.0 - 05-02-2024 *\/\n.elementor-heading-title{padding:0;margin:0;line-height:1}.elementor-widget-heading .elementor-heading-title[class*=elementor-size-]>a{color:inherit;font-size:inherit;line-height:inherit}.elementor-widget-heading .elementor-heading-title.elementor-size-small{font-size:15px}.elementor-widget-heading .elementor-heading-title.elementor-size-medium{font-size:19px}.elementor-widget-heading .elementor-heading-title.elementor-size-large{font-size:29px}.elementor-widget-heading .elementor-heading-title.elementor-size-xl{font-size:39px}.elementor-widget-heading .elementor-heading-title.elementor-size-xxl{font-size:59px}<\/style><h2 class=\"elementor-heading-title elementor-size-default\">B\u00e9ton:<\/h2>\t\t<\/div>\n\t\t\t\t<\/div>\n\t\t\t\t<div class=\"elementor-element elementor-element-6cd9339 elementor-widget elementor-widget-text-editor\" data-id=\"6cd9339\" data-element_type=\"widget\" data-widget_type=\"text-editor.default\">\n\t\t\t\t<div class=\"elementor-widget-container\">\n\t\t\t<style>\/*! elementor - v3.19.0 - 05-02-2024 *\/\n.elementor-widget-text-editor.elementor-drop-cap-view-stacked .elementor-drop-cap{background-color:#69727d;color:#fff}.elementor-widget-text-editor.elementor-drop-cap-view-framed .elementor-drop-cap{color:#69727d;border:3px solid;background-color:transparent}.elementor-widget-text-editor:not(.elementor-drop-cap-view-default) .elementor-drop-cap{margin-top:8px}.elementor-widget-text-editor:not(.elementor-drop-cap-view-default) .elementor-drop-cap-letter{width:1em;height:1em}.elementor-widget-text-editor .elementor-drop-cap{float:left;text-align:center;line-height:1;font-size:50px}.elementor-widget-text-editor .elementor-drop-cap-letter{display:inline-block}<\/style>\t\t\t\t<p align=\"JUSTIFY\"><span style=\"color: #000000;\"><span style=\"font-family: Arial, sans-serif;\"><span style=\"font-size: medium;\">Le b\u00e9ton est pour nous la meilleure option pour ce type d\u2019espace ext\u00e9rieur. Le bois se d\u00e9t\u00e9riore tr\u00e8s rapidement en un hiver, et l\u2019acier glisse et est dangereux pour les diff\u00e9rentes pratiques \u00e0 roulettes. <\/span><\/span><\/span><\/p><p align=\"JUSTIFY\"><span style=\"color: #000000;\"><span style=\"font-family: Arial, sans-serif;\"><span style=\"font-size: medium;\">L\u2019acier et le bois font \u00e9galement beaucoup de bruit, le b\u00e9ton r\u00e9duit largement les nuisances sonores engendr\u00e9es par ces pratiques. <\/span><\/span><\/span><\/p><p align=\"JUSTIFY\"><span style=\"color: #000000;\"><span style=\"font-family: Arial, sans-serif;\"><span style=\"font-size: medium;\">Le b\u00e9ton est un mat\u00e9riau qui rentre fac\u00adilement dans le processus d\u2019\u00e9conomie circulaire. Apr\u00e8s d\u00e9molition, on le con\u00adcasse facilement pour le transformer en agr\u00e9gats pour les travaux d\u2019empierre\u00adment, de fondation. Le b\u00e9ton est souvent assimil\u00e9 \u00e0 un mat\u00e9riau peu \u00e9cologique, mais il est plus facile de le recycler qu\u2019un skatepark pr\u00e9fabriqu\u00e9 construit avec des mat\u00e9riaux composites (bois trait\u00e9 +acier+ plastique).<\/span><\/span><\/span><\/p>\t\t\t\t\t\t<\/div>\n\t\t\t\t<\/div>\n\t\t\t\t<\/div>\n\t\t<div class=\"elementor-element elementor-element-eb379fb e-con-full e-flex e-con e-child\" data-id=\"eb379fb\" data-element_type=\"container\" data-settings=\"{&quot;content_width&quot;:&quot;full&quot;}\">\n\t\t\t\t<div class=\"elementor-element elementor-element-207464e elementor-widget elementor-widget-image\" data-id=\"207464e\" data-element_type=\"widget\" data-widget_type=\"image.default\">\n\t\t\t\t<div class=\"elementor-widget-container\">\n\t\t\t<style>\/*! elementor - v3.19.0 - 05-02-2024 *\/\n.elementor-widget-image{text-align:center}.elementor-widget-image a{display:inline-block}.elementor-widget-image a img[src$=\".svg\"]{width:48px}.elementor-widget-image img{vertical-align:middle;display:inline-block}<\/style>\t\t\t\t\t\t\t\t\t\t<img fetchpriority=\"high\" decoding=\"async\" width=\"745\" height=\"546\" src=\"https:\/\/1320beton.com\/wp-content\/uploads\/2024\/02\/oli.png\" class=\"attachment-large size-large wp-image-94\" alt=\"\" srcset=\"https:\/\/1320beton.com\/wp-content\/uploads\/2024\/02\/oli.png 745w, https:\/\/1320beton.com\/wp-content\/uploads\/2024\/02\/oli-300x220.png 300w\" sizes=\"(max-width: 745px) 100vw, 745px\" \/>\t\t\t\t\t\t\t\t\t\t\t\t\t<\/div>\n\t\t\t\t<\/div>\n\t\t\t\t<\/div>\n\t\t\t\t\t<\/div>\n\t\t\t\t<\/div>\n\t\t<div class=\"elementor-element elementor-element-6342bc6 e-flex e-con-boxed e-con e-parent\" data-id=\"6342bc6\" data-element_type=\"container\" data-settings=\"{&quot;content_width&quot;:&quot;boxed&quot;}\" data-core-v316-plus=\"true\">\n\t\t\t\t\t<div class=\"e-con-inner\">\n\t\t<div class=\"elementor-element elementor-element-157ba9f e-con-full e-flex e-con e-child\" data-id=\"157ba9f\" data-element_type=\"container\" data-settings=\"{&quot;content_width&quot;:&quot;full&quot;}\">\n\t\t\t\t<div class=\"elementor-element elementor-element-f661a40 elementor-widget elementor-widget-image\" data-id=\"f661a40\" data-element_type=\"widget\" data-widget_type=\"image.default\">\n\t\t\t\t<div class=\"elementor-widget-container\">\n\t\t\t\t\t\t\t\t\t\t\t\t\t<img decoding=\"async\" width=\"587\" height=\"435\" src=\"https:\/\/1320beton.com\/wp-content\/uploads\/2024\/02\/jod.png\" class=\"attachment-large size-large wp-image-95\" alt=\"\" srcset=\"https:\/\/1320beton.com\/wp-content\/uploads\/2024\/02\/jod.png 587w, https:\/\/1320beton.com\/wp-content\/uploads\/2024\/02\/jod-300x222.png 300w\" sizes=\"(max-width: 587px) 100vw, 587px\" \/>\t\t\t\t\t\t\t\t\t\t\t\t\t<\/div>\n\t\t\t\t<\/div>\n\t\t\t\t<\/div>\n\t\t<div class=\"elementor-element elementor-element-ab4a8bb e-con-full e-flex e-con e-child\" data-id=\"ab4a8bb\" data-element_type=\"container\" data-settings=\"{&quot;content_width&quot;:&quot;full&quot;}\">\n\t\t\t\t<div class=\"elementor-element elementor-element-1820cc0 elementor-widget elementor-widget-heading\" data-id=\"1820cc0\" data-element_type=\"widget\" data-widget_type=\"heading.default\">\n\t\t\t\t<div class=\"elementor-widget-container\">\n\t\t\t<h2 class=\"elementor-heading-title elementor-size-default\">Equipe:<\/h2>\t\t<\/div>\n\t\t\t\t<\/div>\n\t\t\t\t<div class=\"elementor-element elementor-element-7e7348c elementor-widget elementor-widget-text-editor\" data-id=\"7e7348c\" data-element_type=\"widget\" data-widget_type=\"text-editor.default\">\n\t\t\t\t<div class=\"elementor-widget-container\">\n\t\t\t\t\t\t\t<p align=\"JUSTIFY\"><span style=\"color: #000000;\"><span style=\"font-family: Arial, Arial, sans-serif;\"><span style=\"font-size: medium;\">Nous sommes skateurs depuis 30 ans, et nous avons une exp\u00e9rience forte dans la construction de skateparks, dans le b\u00e9ton et dans la menuiserie. <\/span><\/span><\/span><\/p><p align=\"JUSTIFY\"><span style=\"color: #000000;\"><span style=\"font-family: Arial, Arial, sans-serif;\"><span style=\"font-size: medium;\">Tout \u00e0 commenc\u00e9 il y a une vingtaine d&#8217;ann\u00e9e alors que la commune de Jodoigne nous a accord\u00e9 sa confiance pour construire la premi\u00e8re phase de son skatepark. Fort de cette premi\u00e8re exp\u00e9rience, nous sommes aller nous perfectionner dans des entreprises majeures du secteur en Belgique (Concrete dreams, Concrete flow) mais aussi au pays bas (Skate on). Nous avons ensuite fait quelques collaboration avec \u201cSkateon\u201d(https:\/\/www.skateon.nl\/) de (Rotterdam \u00ab Westblaak \u00bb, \u201cZeeburgeiland\u201d \u00e0 Amsterdam) pour finir par se d\u00e9cider \u00e0 notre propre compte autour de l&#8217;\u00e9quipe d&#8217;origine.<\/span><\/span><\/span><\/p><p align=\"JUSTIFY\"><span style=\"color: #000000;\"><span style=\"font-family: Arial, Arial, sans-serif;\"><span style=\"font-size: medium;\">Concevoir et r\u00e9aliser un skatepark demande des connaissances sp\u00e9cifiques pour g\u00e9rer les questions de distance, de hauteur, de rayon de courbes, mais aussi pour g\u00e9rer et d\u00e9tailler le processus de construction afin d\u2019assurer une qualit\u00e9 de mat\u00e9riaux et une durabilit\u00e9. <\/span><\/span><\/span><\/p><p align=\"JUSTIFY\"><span style=\"color: #000000;\"><span style=\"font-family: Arial, Arial, sans-serif;\"><span style=\"font-size: medium;\">Notre connaissance pointue de cette pratique est primordiale pour assurer la bonne fonctionnalit\u00e9 et la bonne r\u00e9alisation de ce type d\u2019espace.<\/span><\/span><\/span><\/p>\t\t\t\t\t\t<\/div>\n\t\t\t\t<\/div>\n\t\t\t\t<\/div>\n\t\t\t\t\t<\/div>\n\t\t\t\t<\/div>\n\t\t\t\t<\/div>\n\t\t","protected":false},"excerpt":{"rendered":"<p>B\u00e9ton: Le b\u00e9ton est pour nous la meilleure option pour ce type d\u2019espace ext\u00e9rieur. Le bois se d\u00e9t\u00e9riore tr\u00e8s rapidement en un hiver, et l\u2019acier glisse et est dangereux pour les diff\u00e9rentes pratiques \u00e0 roulettes. L\u2019acier et le bois font \u00e9galement beaucoup de bruit, le b\u00e9ton r\u00e9duit largement les nuisances sonores engendr\u00e9es par ces pratiques. [&hellip;]<\/p>\n","protected":false},"author":1,"featured_media":0,"parent":0,"menu_order":0,"comment_status":"closed","ping_status":"closed","template":"","meta":{"footnotes":""},"yoast_head":"<!-- This site is optimized with the Yoast SEO plugin v22.0 - https:\/\/yoast.com\/wordpress\/plugins\/seo\/ -->\n<title>A propos - 1320beton.com<\/title>\n<meta name=\"robots\" content=\"index, follow, max-snippet:-1, max-image-preview:large, max-video-preview:-1\" \/>\n<link rel=\"canonical\" href=\"https:\/\/1320beton.com\/index.php\/a-propos\/\" \/>\n<meta property=\"og:locale\" content=\"en_US\" \/>\n<meta property=\"og:type\" content=\"article\" \/>\n<meta property=\"og:title\" content=\"A propos - 1320beton.com\" \/>\n<meta property=\"og:description\" content=\"B\u00e9ton: Le b\u00e9ton est pour nous la meilleure option pour ce type d\u2019espace ext\u00e9rieur. Le bois se d\u00e9t\u00e9riore tr\u00e8s rapidement en un hiver, et l\u2019acier glisse et est dangereux pour les diff\u00e9rentes pratiques \u00e0 roulettes. L\u2019acier et le bois font \u00e9galement beaucoup de bruit, le b\u00e9ton r\u00e9duit largement les nuisances sonores engendr\u00e9es par ces pratiques. [&hellip;]\" \/>\n<meta property=\"og:url\" content=\"https:\/\/1320beton.com\/index.php\/a-propos\/\" \/>\n<meta property=\"og:site_name\" content=\"1320beton.com\" \/>\n<meta property=\"article:modified_time\" content=\"2024-02-09T11:41:30+00:00\" \/>\n<meta property=\"og:image\" content=\"http:\/\/1320beton.com\/wp-content\/uploads\/2024\/02\/oli.png\" \/>\n<meta name=\"twitter:card\" content=\"summary_large_image\" \/>\n<meta name=\"twitter:label1\" content=\"Est. reading time\" \/>\n\t<meta name=\"twitter:data1\" content=\"2 minutes\" \/>\n<script type=\"application\/ld+json\" class=\"yoast-schema-graph\">{\"@context\":\"https:\/\/schema.org\",\"@graph\":[{\"@type\":\"WebPage\",\"@id\":\"https:\/\/1320beton.com\/index.php\/a-propos\/\",\"url\":\"https:\/\/1320beton.com\/index.php\/a-propos\/\",\"name\":\"A propos - 1320beton.com\",\"isPartOf\":{\"@id\":\"https:\/\/1320beton.com\/#website\"},\"datePublished\":\"2024-02-08T08:48:33+00:00\",\"dateModified\":\"2024-02-09T11:41:30+00:00\",\"breadcrumb\":{\"@id\":\"https:\/\/1320beton.com\/index.php\/a-propos\/#breadcrumb\"},\"inLanguage\":\"en-US\",\"potentialAction\":[{\"@type\":\"ReadAction\",\"target\":[\"https:\/\/1320beton.com\/index.php\/a-propos\/\"]}]},{\"@type\":\"BreadcrumbList\",\"@id\":\"https:\/\/1320beton.com\/index.php\/a-propos\/#breadcrumb\",\"itemListElement\":[{\"@type\":\"ListItem\",\"position\":1,\"name\":\"Accueil\",\"item\":\"https:\/\/1320beton.com\/\"},{\"@type\":\"ListItem\",\"position\":2,\"name\":\"A propos\"}]},{\"@type\":\"WebSite\",\"@id\":\"https:\/\/1320beton.com\/#website\",\"url\":\"https:\/\/1320beton.com\/\",\"name\":\"1320beton.com\",\"description\":\"\",\"publisher\":{\"@id\":\"https:\/\/1320beton.com\/#organization\"},\"potentialAction\":[{\"@type\":\"SearchAction\",\"target\":{\"@type\":\"EntryPoint\",\"urlTemplate\":\"https:\/\/1320beton.com\/?s={search_term_string}\"},\"query-input\":\"required name=search_term_string\"}],\"inLanguage\":\"en-US\"},{\"@type\":\"Organization\",\"@id\":\"https:\/\/1320beton.com\/#organization\",\"name\":\"1320beton.com\",\"url\":\"https:\/\/1320beton.com\/\",\"logo\":{\"@type\":\"ImageObject\",\"inLanguage\":\"en-US\",\"@id\":\"https:\/\/1320beton.com\/#\/schema\/logo\/image\/\",\"url\":\"https:\/\/1320beton.com\/wp-content\/uploads\/2024\/02\/logo1320.png\",\"contentUrl\":\"https:\/\/1320beton.com\/wp-content\/uploads\/2024\/02\/logo1320.png\",\"width\":361,\"height\":318,\"caption\":\"1320beton.com\"},\"image\":{\"@id\":\"https:\/\/1320beton.com\/#\/schema\/logo\/image\/\"}}]}<\/script>\n<!-- \/ Yoast SEO plugin. -->","yoast_head_json":{"title":"A propos - 1320beton.com","robots":{"index":"index","follow":"follow","max-snippet":"max-snippet:-1","max-image-preview":"max-image-preview:large","max-video-preview":"max-video-preview:-1"},"canonical":"https:\/\/1320beton.com\/index.php\/a-propos\/","og_locale":"en_US","og_type":"article","og_title":"A propos - 1320beton.com","og_description":"B\u00e9ton: Le b\u00e9ton est pour nous la meilleure option pour ce type d\u2019espace ext\u00e9rieur. Le bois se d\u00e9t\u00e9riore tr\u00e8s rapidement en un hiver, et l\u2019acier glisse et est dangereux pour les diff\u00e9rentes pratiques \u00e0 roulettes. L\u2019acier et le bois font \u00e9galement beaucoup de bruit, le b\u00e9ton r\u00e9duit largement les nuisances sonores engendr\u00e9es par ces pratiques. [&hellip;]","og_url":"https:\/\/1320beton.com\/index.php\/a-propos\/","og_site_name":"1320beton.com","article_modified_time":"2024-02-09T11:41:30+00:00","og_image":[{"url":"http:\/\/1320beton.com\/wp-content\/uploads\/2024\/02\/oli.png"}],"twitter_card":"summary_large_image","twitter_misc":{"Est. reading time":"2 minutes"},"schema":{"@context":"https:\/\/schema.org","@graph":[{"@type":"WebPage","@id":"https:\/\/1320beton.com\/index.php\/a-propos\/","url":"https:\/\/1320beton.com\/index.php\/a-propos\/","name":"A propos - 1320beton.com","isPartOf":{"@id":"https:\/\/1320beton.com\/#website"},"datePublished":"2024-02-08T08:48:33+00:00","dateModified":"2024-02-09T11:41:30+00:00","breadcrumb":{"@id":"https:\/\/1320beton.com\/index.php\/a-propos\/#breadcrumb"},"inLanguage":"en-US","potentialAction":[{"@type":"ReadAction","target":["https:\/\/1320beton.com\/index.php\/a-propos\/"]}]},{"@type":"BreadcrumbList","@id":"https:\/\/1320beton.com\/index.php\/a-propos\/#breadcrumb","itemListElement":[{"@type":"ListItem","position":1,"name":"Accueil","item":"https:\/\/1320beton.com\/"},{"@type":"ListItem","position":2,"name":"A propos"}]},{"@type":"WebSite","@id":"https:\/\/1320beton.com\/#website","url":"https:\/\/1320beton.com\/","name":"1320beton.com","description":"","publisher":{"@id":"https:\/\/1320beton.com\/#organization"},"potentialAction":[{"@type":"SearchAction","target":{"@type":"EntryPoint","urlTemplate":"https:\/\/1320beton.com\/?s={search_term_string}"},"query-input":"required name=search_term_string"}],"inLanguage":"en-US"},{"@type":"Organization","@id":"https:\/\/1320beton.com\/#organization","name":"1320beton.com","url":"https:\/\/1320beton.com\/","logo":{"@type":"ImageObject","inLanguage":"en-US","@id":"https:\/\/1320beton.com\/#\/schema\/logo\/image\/","url":"https:\/\/1320beton.com\/wp-content\/uploads\/2024\/02\/logo1320.png","contentUrl":"https:\/\/1320beton.com\/wp-content\/uploads\/2024\/02\/logo1320.png","width":361,"height":318,"caption":"1320beton.com"},"image":{"@id":"https:\/\/1320beton.com\/#\/schema\/logo\/image\/"}}]}},"_links":{"self":[{"href":"https:\/\/1320beton.com\/index.php\/wp-json\/wp\/v2\/pages\/57"}],"collection":[{"href":"https:\/\/1320beton.com\/index.php\/wp-json\/wp\/v2\/pages"}],"about":[{"href":"https:\/\/1320beton.com\/index.php\/wp-json\/wp\/v2\/types\/page"}],"author":[{"embeddable":true,"href":"https:\/\/1320beton.com\/index.php\/wp-json\/wp\/v2\/users\/1"}],"replies":[{"embeddable":true,"href":"https:\/\/1320beton.com\/index.php\/wp-json\/wp\/v2\/comments?post=57"}],"version-history":[{"count":13,"href":"https:\/\/1320beton.com\/index.php\/wp-json\/wp\/v2\/pages\/57\/revisions"}],"predecessor-version":[{"id":123,"href":"https:\/\/1320beton.com\/index.php\/wp-json\/wp\/v2\/pages\/57\/revisions\/123"}],"wp:attachment":[{"href":"https:\/\/1320beton.com\/index.php\/wp-json\/wp\/v2\/media?parent=57"}],"curies":[{"name":"wp","href":"https:\/\/api.w.org\/{rel}","templated":true}]}}